{"id":33,"date":"2025-06-25T22:56:51","date_gmt":"2025-06-25T20:56:51","guid":{"rendered":"https:\/\/www.tospra.cz\/?page_id=33"},"modified":"2025-06-29T09:47:56","modified_gmt":"2025-06-29T07:47:56","slug":"home","status":"publish","type":"page","link":"https:\/\/www.tospra.cz\/","title":{"rendered":"Home"},"content":{"rendered":"<p>[et_pb_section fb_built=&#8220;1&#8243; admin_label=&#8220;Stats&#8220; _builder_version=&#8220;4.27.4&#8243; _module_preset=&#8220;default&#8220; background_color=&#8220;#e55f00&#8243; min_height=&#8220;1818.3px&#8220; custom_padding=&#8220;161px||||false|false&#8220; collapsed=&#8220;on&#8220; global_colors_info=&#8220;{}&#8220;][et_pb_row column_structure=&#8220;1_3,1_3,1_3&#8243; _builder_version=&#8220;4.27.4&#8243; _module_preset=&#8220;73956bfc-e89b-4175-acfb-e74f3e4189b6&#8243; background_color=&#8220;#FFFFFF&#8220; min_height=&#8220;347px&#8220; custom_margin=&#8220;-148px||||false|false&#8220; custom_padding=&#8220;37px|60px|37px|60px|true|true&#8220; border_radii=&#8220;off|30px|30px||&#8220; border_radii_last_edited=&#8220;off|desktop&#8220; ab_goal=&#8220;on&#8220; global_colors_info=&#8220;{}&#8220;][et_pb_column type=&#8220;1_3&#8243; _builder_version=&#8220;4.27.4&#8243; _module_preset=&#8220;default&#8220; global_colors_info=&#8220;{}&#8220;][et_pb_image src=&#8220;https:\/\/www.tospra.cz\/wp-content\/uploads\/2025\/06\/tospra01.png&#8220; title_text=&#8220;tospra01&#8243; force_fullwidth=&#8220;on&#8220; _builder_version=&#8220;4.27.4&#8243; _module_preset=&#8220;default&#8220; background_enable_color=&#8220;off&#8220; animation_direction=&#8220;top&#8220; hover_transition_duration=&#8220;400ms&#8220; border_radii_tablet=&#8220;on|20px|20px|20px|20px&#8220; border_radii_phone=&#8220;on|10px|10px|10px|10px&#8220; border_radii_last_edited=&#8220;on|desktop&#8220; locked=&#8220;off&#8220; global_colors_info=&#8220;{}&#8220;][\/et_pb_image][et_pb_text _builder_version=&#8220;4.27.4&#8243; _module_preset=&#8220;default&#8220; header_font_size=&#8220;73px&#8220; custom_margin=&#8220;|-36px||||&#8220; custom_padding=&#8220;|||0px||&#8220; hover_enabled=&#8220;0&#8243; global_colors_info=&#8220;{}&#8220; sticky_enabled=&#8220;0&#8243;]<\/p>\n<h1 style=\"font-weight: bold; font-family: Roboto, sans-serif; font-style: normal; border: 0px; outline: 0px; padding: 20px 0px 10px; margin: 0px; line-height: 48px; cursor: default; box-sizing: border-box; max-width: 100%; font-size: 2rem; color: #000000; font-variant-ligatures: normal; font-variant-caps: normal; letter-spacing: normal; text-indent: 0px; text-transform: none; word-spacing: 0px; -webkit-text-stroke-width: 0px; white-space: normal; background-color: #ffffff; text-decoration-thickness: initial; text-decoration-style: initial; text-decoration-color: initial; text-align: center;\"><strong>SPR\u00c1VA<\/strong><br \/><strong>NEMOVITOST\u00cd<\/strong><\/h1>\n<p>[\/et_pb_text][\/et_pb_column][et_pb_column type=&#8220;1_3&#8243; _builder_version=&#8220;4.27.4&#8243; _module_preset=&#8220;default&#8220; global_colors_info=&#8220;{}&#8220;][et_pb_icon font_icon=&#8220;&#xf098;||fa||900&#8243; align=&#8220;right&#8220; _builder_version=&#8220;4.27.4&#8243; _module_preset=&#8220;default&#8220; global_colors_info=&#8220;{}&#8220;][\/et_pb_icon][et_pb_icon font_icon=&#8220;&#xf3cd;||fa||900&#8243; align=&#8220;right&#8220; _builder_version=&#8220;4.27.4&#8243; _module_preset=&#8220;default&#8220; global_colors_info=&#8220;{}&#8220;][\/et_pb_icon][et_pb_icon font_icon=&#8220;&#xe076;||divi||400&#8243; align=&#8220;right&#8220; _builder_version=&#8220;4.27.4&#8243; _module_preset=&#8220;default&#8220; global_colors_info=&#8220;{}&#8220;][\/et_pb_icon][\/et_pb_column][et_pb_column type=&#8220;1_3&#8243; _builder_version=&#8220;4.20.0&#8243; _module_preset=&#8220;default&#8220; global_colors_info=&#8220;{}&#8220;][et_pb_icon font_icon=&#8220;&#xf098;||fa||900&#8243; title_text=&#8220;telefon&#8220; _builder_version=&#8220;4.27.4&#8243; _module_preset=&#8220;default&#8220; custom_margin=&#8220;||33px|-1px||&#8220; custom_padding=&#8220;|238px||||&#8220; ab_subject=&#8220;on&#8220; ab_subject_id=&#8220;4&#8243; global_colors_info=&#8220;{}&#8220;][\/et_pb_icon][et_pb_icon font_icon=&#8220;&#xf098;||fa||900&#8243; url=&#8220;http:\/\/+420%20475%20211%20398&#8243; _builder_version=&#8220;4.27.4&#8243; _module_preset=&#8220;default&#8220; custom_margin=&#8220;|||-1px||&#8220; animation_style=&#8220;slide&#8220; ab_subject=&#8220;on&#8220; ab_subject_id=&#8220;2&#8243; global_colors_info=&#8220;{}&#8220;][\/et_pb_icon][et_pb_text _builder_version=&#8220;4.27.4&#8243; _module_preset=&#8220;default&#8220; min_height=&#8220;20.8px&#8220; custom_padding=&#8220;13px||16px|||&#8220; global_colors_info=&#8220;{}&#8220;]<\/p>\n<h4 style=\"text-align: left;\"><strong>+420 412 535 197<\/strong><\/h4>\n<p>[\/et_pb_text][et_pb_text _builder_version=&#8220;4.27.4&#8243; _module_preset=&#8220;default&#8220; custom_margin=&#8220;18px||35px|||&#8220; custom_padding=&#8220;||11px|||&#8220; hover_enabled=&#8220;0&#8243; global_colors_info=&#8220;{}&#8220; text_font=&#8220;Acme||||||||&#8220; sticky_enabled=&#8220;0&#8243;]<\/p>\n<h4 style=\"text-align: left;\"><strong>+420 731 118 120<\/strong><\/h4>\n<p>[\/et_pb_text][et_pb_text _builder_version=&#8220;4.27.4&#8243; _module_preset=&#8220;default&#8220; min_height=&#8220;60.8px&#8220; custom_margin=&#8220;27px|||||&#8220; custom_padding=&#8220;0px|||||&#8220; global_colors_info=&#8220;{}&#8220;]<\/p>\n<h4 style=\"text-align: left;\"><strong>decin@tospra.cz<\/strong><\/h4>\n<p>[\/et_pb_text][\/et_pb_column][\/et_pb_row][et_pb_row _builder_version=&#8220;4.27.4&#8243; _module_preset=&#8220;default&#8220; background_image=&#8220;https:\/\/www.tospra.cz\/wp-content\/uploads\/2025\/06\/podklad.jpg&#8220; width=&#8220;100%&#8220; max_width=&#8220;2560px&#8220; min_height=&#8220;481px&#8220; filter_opacity=&#8220;40%&#8220; filter_blur=&#8220;1px&#8220; hover_transition_duration=&#8220;250ms&#8220; hover_transition_delay=&#8220;150ms&#8220; hover_enabled=&#8220;0&#8243; border_radii=&#8220;on|30px|30px|30px|30px&#8220; box_shadow_style=&#8220;preset1&#8243; global_colors_info=&#8220;{}&#8220; sticky_enabled=&#8220;0&#8243; border_color_all=&#8220;#FFFFFF&#8220; box_shadow_horizontal=&#8220;2px&#8220; filter_saturate=&#8220;0%&#8220; filter_brightness=&#8220;126%&#8220;][et_pb_column type=&#8220;4_4&#8243; _builder_version=&#8220;4.27.4&#8243; _module_preset=&#8220;default&#8220; global_colors_info=&#8220;{}&#8220;][et_pb_text _builder_version=&#8220;4.27.4&#8243; _module_preset=&#8220;default&#8220; hover_enabled=&#8220;0&#8243; global_colors_info=&#8220;{}&#8220; width=&#8220;86%&#8220; sticky_enabled=&#8220;0&#8243;]<\/p>\n<h1 style=\"text-align: right;\"><strong>EKONOMICK\u00c9 SLU\u017dBY<\/strong><\/h1>\n<h1 style=\"text-align: right;\"><strong>PR\u00c1VN\u00cd SLU\u017dBY<\/strong><\/h1>\n<h1 style=\"text-align: right;\"><strong>PROVOZN\u00cd SLU\u017dBY<\/strong><\/h1>\n<p><strong><\/strong><\/p>\n<p>[\/et_pb_text][\/et_pb_column][\/et_pb_row][et_pb_row column_structure=&#8220;1_2,1_2&#8243; _builder_version=&#8220;4.27.4&#8243; _module_preset=&#8220;default&#8220; background_color=&#8220;#FFFFFF&#8220; width=&#8220;100%&#8220; min_height=&#8220;1566.8px&#8220; custom_margin=&#8220;-200px|auto||auto||&#8220; custom_padding=&#8220;5px|43px||37px||&#8220; border_radii=&#8220;off|||30px|30px&#8220; global_colors_info=&#8220;{}&#8220;][et_pb_column type=&#8220;1_2&#8243; _builder_version=&#8220;4.27.4&#8243; _module_preset=&#8220;default&#8220; global_colors_info=&#8220;{}&#8220;][et_pb_text _builder_version=&#8220;4.27.4&#8243; _module_preset=&#8220;default&#8220; text_font=&#8220;||||||||&#8220; custom_padding=&#8220;||1px|21px||&#8220; global_colors_info=&#8220;{}&#8220;]<\/p>\n<h6 style=\"text-align: left;\"><strong>TOSPRA s.r.o.<\/strong> je spole\u010dnost, kter\u00e1 m\u00e1 siln\u00fd t\u00fdm zku\u0161en\u00fdch a \u0159\u00e1dn\u011b pro\u0161kolen\u00fdch pracovn\u00edk\u016f, kte\u0159\u00ed pln\u011b respektuj\u00ed po\u017eadavky sv\u00fdch klient\u016f a jsou kdykoliv p\u0159ipraveni v\u011bnovat jim sv\u016fj \u010das. Jsou tu v\u0161ak tak\u00e9 proto, aby klienty, vlastn\u00edky upozornili na chybn\u00e1 rozhodnut\u00ed a informovali je o platn\u00fdch z\u00e1konech a vyhl\u00e1\u0161k\u00e1ch.<\/h6>\n<p>[\/et_pb_text][et_pb_text _builder_version=&#8220;4.27.4&#8243; _module_preset=&#8220;default&#8220; global_colors_info=&#8220;{}&#8220;]<\/p>\n<h2 style=\"font-weight: bold; font-family: Roboto, sans-serif; font-style: normal; border: 0px none; outline: 0px; padding: 20px 0px 10px; margin: 0px; line-height: 48px; cursor: default; box-sizing: border-box; max-width: 100%; font-size: 2rem; color: #000000; font-variant-ligatures: normal; font-variant-caps: normal; letter-spacing: normal; orphans: 2; text-align: start; text-indent: 0px; text-transform: none; widows: 2; word-spacing: 0px; -webkit-text-stroke-width: 0px; white-space: normal; background-color: #ffffff; text-decoration-thickness: initial; text-decoration-style: initial; text-decoration-color: initial;\">EKONOMICK\u00c9 SLU\u017dBY:<\/h2>\n<ul style=\"font-weight: 400; font-family: Roboto, sans-serif; font-style: normal; border: 0px none; outline: 0px; padding: 0px; margin: 0px 0px 10px; line-height: 24px; cursor: default; box-sizing: border-box; max-width: 100%; color: #000000; font-size: medium; font-variant-ligatures: normal; font-variant-caps: normal; letter-spacing: normal; orphans: 2; text-align: start; text-indent: 0px; text-transform: none; widows: 2; word-spacing: 0px; -webkit-text-stroke-width: 0px; white-space: normal; background-color: #ffffff; text-decoration-thickness: initial; text-decoration-style: initial; text-decoration-color: initial;\">\n<li style=\"font-weight: inherit; font-family: Roboto, sans-serif; font-style: inherit; border: 0px none; outline: 0px; padding: 0px; margin: 0px 0px 0px 20px; line-height: 24px; cursor: default; box-sizing: border-box; max-width: 100%;\">veden\u00ed kompletn\u00ed \u00fa\u010detn\u00ed a mzdov\u00e9 evidence (da\u0148ov\u00e1 evidence a \u00fa\u010detnictv\u00ed, odm\u011bny \u010dlen\u016f v\u00fdboru p\u0159edstavenstva, zpracov\u00e1n\u00ed v\u00fdro\u010dn\u00ed zpr\u00e1vy hospoda\u0159en\u00ed, p\u0159izn\u00e1n\u00ed k dani z nemovitosti a dani z p\u0159\u00edjmu)<\/li>\n<li style=\"font-weight: inherit; font-family: Roboto, sans-serif; font-style: inherit; border: 0px none; outline: 0px; padding: 0px; margin: 0px 0px 0px 20px; line-height: 24px; cursor: default; box-sizing: border-box; max-width: 100%;\">evidence plateb souvisej\u00edc\u00edch s u\u017e\u00edv\u00e1n\u00edm byt\u016f a nebytov\u00fdch prostor (p\u0159\u00edprava eviden\u010dn\u00edch list\u016f, rozes\u00edl\u00e1n\u00ed upom\u00ednek, poskytov\u00e1n\u00ed p\u0159ehledu dlu\u017en\u00edk\u016f, zpracov\u00e1n\u00ed ro\u010dn\u00edho vy\u00fa\u010dtov\u00e1n\u00ed slu\u017eeb)<\/li>\n<li style=\"font-weight: inherit; font-family: Roboto, sans-serif; font-style: inherit; border: 0px none; outline: 0px; padding: 0px; margin: 0px 0px 0px 20px; line-height: 24px; cursor: default; box-sizing: border-box; max-width: 100%;\">p\u0159\u00edprava podklad\u016f pro z\u00edsk\u00e1n\u00ed st\u00e1tn\u00ed dotace a \u00fav\u011bru na opravy i bez ru\u010den\u00ed bytov\u00fdmi jednotkami (zateplen\u00ed objekt\u016f, v\u00fdm\u011bna oken)<\/li>\n<\/ul>\n<p>[\/et_pb_text][et_pb_text _builder_version=&#8220;4.27.4&#8243; _module_preset=&#8220;default&#8220; global_colors_info=&#8220;{}&#8220;]<\/p>\n<h2 style=\"font-weight: bold; font-family: Roboto, sans-serif; font-style: normal; border: 0px none; outline: 0px; padding: 20px 0px 10px; margin: 0px; line-height: 48px; cursor: default; box-sizing: border-box; max-width: 100%; font-size: 2rem; color: #000000; font-variant-ligatures: normal; font-variant-caps: normal; letter-spacing: normal; orphans: 2; text-align: start; text-indent: 0px; text-transform: none; widows: 2; word-spacing: 0px; -webkit-text-stroke-width: 0px; white-space: normal; background-color: #ffffff; text-decoration-thickness: initial; text-decoration-style: initial; text-decoration-color: initial;\">PR\u00c1VN\u00cd SLU\u017dBY:<\/h2>\n<ul style=\"font-weight: 400; font-family: Roboto, sans-serif; font-style: normal; border: 0px none; outline: 0px; padding: 0px; margin: 0px 0px 10px; line-height: 24px; cursor: default; box-sizing: border-box; max-width: 100%; color: #000000; font-size: medium; font-variant-ligatures: normal; font-variant-caps: normal; letter-spacing: normal; orphans: 2; text-align: start; text-indent: 0px; text-transform: none; widows: 2; word-spacing: 0px; -webkit-text-stroke-width: 0px; white-space: normal; background-color: #ffffff; text-decoration-thickness: initial; text-decoration-style: initial; text-decoration-color: initial;\">\n<li style=\"font-weight: inherit; font-family: Roboto, sans-serif; font-style: inherit; border: 0px none; outline: 0px; padding: 0px; margin: 0px 0px 0px 20px; line-height: 24px; cursor: default; box-sizing: border-box; max-width: 100%;\">registrace spole\u010denstv\u00ed u Krajsk\u00e9ho soudu, spolupr\u00e1ce p\u0159i ustavuj\u00edc\u00ed sch\u016fzi, aktualizace zm\u011bn v rejst\u0159\u00edku<\/li>\n<li style=\"font-weight: inherit; font-family: Roboto, sans-serif; font-style: inherit; border: 0px none; outline: 0px; padding: 0px; margin: 0px 0px 0px 20px; line-height: 24px; cursor: default; box-sizing: border-box; max-width: 100%;\">informace o zm\u011bn\u00e1ch v z\u00e1konech a vyhl\u00e1\u0161k\u00e1ch<\/li>\n<li style=\"font-weight: inherit; font-family: Roboto, sans-serif; font-style: inherit; border: 0px none; outline: 0px; padding: 0px; margin: 0px 0px 0px 20px; line-height: 24px; cursor: default; box-sizing: border-box; max-width: 100%;\">vypracov\u00e1n\u00ed n\u00e1jemn\u00edch smluv<\/li>\n<li style=\"font-weight: inherit; font-family: Roboto, sans-serif; font-style: inherit; border: 0px none; outline: 0px; padding: 0px; margin: 0px 0px 0px 20px; line-height: 24px; cursor: default; box-sizing: border-box; max-width: 100%;\">zpracov\u00e1n\u00ed \u017ealob na vym\u00e1h\u00e1n\u00ed dluh\u016f, pomoc p\u0159i d\u011bdick\u00e9m \u0159\u00edzen\u00ed<\/li>\n<\/ul>\n<p>[\/et_pb_text][et_pb_text _builder_version=&#8220;4.27.4&#8243; _module_preset=&#8220;default&#8220; global_colors_info=&#8220;{}&#8220;]<\/p>\n<h2 style=\"font-weight: bold; font-family: Roboto, sans-serif; font-style: normal; border: 0px none; outline: 0px; padding: 20px 0px 10px; margin: 0px; line-height: 48px; cursor: default; box-sizing: border-box; max-width: 100%; font-size: 2rem; color: #000000; font-variant-ligatures: normal; font-variant-caps: normal; letter-spacing: normal; orphans: 2; text-align: start; text-indent: 0px; text-transform: none; widows: 2; word-spacing: 0px; -webkit-text-stroke-width: 0px; white-space: normal; background-color: #ffffff; text-decoration-thickness: initial; text-decoration-style: initial; text-decoration-color: initial;\">PR\u00c1VN\u00cd SLU\u017dBY:<\/h2>\n<ul style=\"font-weight: 400; font-family: Roboto, sans-serif; font-style: normal; border: 0px none; outline: 0px; padding: 0px; margin: 0px 0px 10px; line-height: 24px; cursor: default; box-sizing: border-box; max-width: 100%; color: #000000; font-size: medium; font-variant-ligatures: normal; font-variant-caps: normal; letter-spacing: normal; orphans: 2; text-align: start; text-indent: 0px; text-transform: none; widows: 2; word-spacing: 0px; -webkit-text-stroke-width: 0px; white-space: normal; background-color: #ffffff; text-decoration-thickness: initial; text-decoration-style: initial; text-decoration-color: initial;\">\n<li style=\"font-weight: inherit; font-family: Roboto, sans-serif; font-style: inherit; border: 0px none; outline: 0px; padding: 0px; margin: 0px 0px 0px 20px; line-height: 24px; cursor: default; box-sizing: border-box; max-width: 100%;\">registrace spole\u010denstv\u00ed u Krajsk\u00e9ho soudu, spolupr\u00e1ce p\u0159i ustavuj\u00edc\u00ed sch\u016fzi, aktualizace zm\u011bn v rejst\u0159\u00edku<\/li>\n<li style=\"font-weight: inherit; font-family: Roboto, sans-serif; font-style: inherit; border: 0px none; outline: 0px; padding: 0px; margin: 0px 0px 0px 20px; line-height: 24px; cursor: default; box-sizing: border-box; max-width: 100%;\">informace o zm\u011bn\u00e1ch v z\u00e1konech a vyhl\u00e1\u0161k\u00e1ch<\/li>\n<li style=\"font-weight: inherit; font-family: Roboto, sans-serif; font-style: inherit; border: 0px none; outline: 0px; padding: 0px; margin: 0px 0px 0px 20px; line-height: 24px; cursor: default; box-sizing: border-box; max-width: 100%;\">vypracov\u00e1n\u00ed n\u00e1jemn\u00edch smluv<\/li>\n<li style=\"font-weight: inherit; font-family: Roboto, sans-serif; font-style: inherit; border: 0px none; outline: 0px; padding: 0px; margin: 0px 0px 0px 20px; line-height: 24px; cursor: default; box-sizing: border-box; max-width: 100%;\">zpracov\u00e1n\u00ed \u017ealob na vym\u00e1h\u00e1n\u00ed dluh\u016f, pomoc p\u0159i d\u011bdick\u00e9m \u0159\u00edzen\u00ed<\/li>\n<\/ul>\n<p>[\/et_pb_text][et_pb_text _builder_version=&#8220;4.27.4&#8243; _module_preset=&#8220;default&#8220; global_colors_info=&#8220;{}&#8220;]<\/p>\n<h2 style=\"font-weight: bold; font-family: Roboto, sans-serif; font-style: normal; border: 0px none; outline: 0px; padding: 20px 0px 10px; margin: 0px; line-height: 48px; cursor: default; box-sizing: border-box; max-width: 100%; font-size: 2rem; color: #000000; font-variant-ligatures: normal; font-variant-caps: normal; letter-spacing: normal; orphans: 2; text-align: start; text-indent: 0px; text-transform: none; widows: 2; word-spacing: 0px; -webkit-text-stroke-width: 0px; white-space: normal; background-color: #ffffff; text-decoration-thickness: initial; text-decoration-style: initial; text-decoration-color: initial;\">PROVOZN\u00cd SLU\u017dBY:<\/h2>\n<ul style=\"font-weight: 400; font-family: Roboto, sans-serif; font-style: normal; border: 0px none; outline: 0px; padding: 0px; margin: 0px 0px 10px; line-height: 24px; cursor: default; box-sizing: border-box; max-width: 100%; color: #000000; font-size: medium; font-variant-ligatures: normal; font-variant-caps: normal; letter-spacing: normal; orphans: 2; text-align: start; text-indent: 0px; text-transform: none; widows: 2; word-spacing: 0px; -webkit-text-stroke-width: 0px; white-space: normal; background-color: #ffffff; text-decoration-thickness: initial; text-decoration-style: initial; text-decoration-color: initial;\">\n<li style=\"font-weight: inherit; font-family: Roboto, sans-serif; font-style: inherit; border: 0px none; outline: 0px; padding: 0px; margin: 0px 0px 0px 20px; line-height: 24px; cursor: default; box-sizing: border-box; max-width: 100%;\">jedn\u00e1n\u00ed s dodavateli m\u00e9di\u00ed a spole\u010dn\u00fdch slu\u017eeb (uzav\u00edr\u00e1n\u00ed dodavatelsk\u00fdch smluv a vy\u0159izov\u00e1n\u00ed reklamac\u00ed)<\/li>\n<li style=\"font-weight: inherit; font-family: Roboto, sans-serif; font-style: inherit; border: 0px none; outline: 0px; padding: 0px; margin: 0px 0px 0px 20px; line-height: 24px; cursor: default; box-sizing: border-box; max-width: 100%;\">evidence a zaji\u0161\u0165ov\u00e1n\u00ed pravideln\u00fdch prohl\u00eddek a reviz\u00ed<\/li>\n<li style=\"font-weight: inherit; font-family: Roboto, sans-serif; font-style: inherit; border: 0px none; outline: 0px; padding: 0px; margin: 0px 0px 0px 20px; line-height: 24px; cursor: default; box-sizing: border-box; max-width: 100%;\">zaji\u0161t\u011bn\u00ed nep\u0159etr\u017eit\u00e9 havarijn\u00ed slu\u017eby<\/li>\n<li style=\"font-weight: inherit; font-family: Roboto, sans-serif; font-style: inherit; border: 0px none; outline: 0px; padding: 0px; margin: 0px 0px 0px 20px; line-height: 24px; cursor: default; box-sizing: border-box; max-width: 100%;\">zaji\u0161t\u011bn\u00ed \u00faklidu, \u00fadr\u017eby a oprav<\/li>\n<li style=\"font-weight: inherit; font-family: Roboto, sans-serif; font-style: inherit; border: 0px none; outline: 0px; padding: 0px; margin: 0px 0px 0px 20px; line-height: 24px; cursor: default; box-sizing: border-box; max-width: 100%;\">p\u0159edkl\u00e1d\u00e1n\u00ed n\u00e1vrh\u016f na vyu\u017eit\u00ed fondu oprav<\/li>\n<\/ul>\n<p>[\/et_pb_text][et_pb_text _builder_version=&#8220;4.27.4&#8243; _module_preset=&#8220;default&#8220; global_colors_info=&#8220;{}&#8220;]<\/p>\n<h2 style=\"font-weight: bold; font-family: Roboto, sans-serif; font-style: normal; border: 0px none; outline: 0px; padding: 20px 0px 10px; margin: 0px; line-height: 48px; cursor: default; box-sizing: border-box; max-width: 100%; font-size: 2rem; color: #000000; font-variant-ligatures: normal; font-variant-caps: normal; letter-spacing: normal; orphans: 2; text-align: start; text-indent: 0px; text-transform: none; widows: 2; word-spacing: 0px; -webkit-text-stroke-width: 0px; white-space: normal; background-color: #ffffff; text-decoration-thickness: initial; text-decoration-style: initial; text-decoration-color: initial;\">SLU\u017dBY NAB\u00cdZ\u00cdME:<\/h2>\n<ul style=\"font-weight: 400; font-family: Roboto, sans-serif; font-style: normal; border: 0px none; outline: 0px; padding: 0px; margin: 0px 0px 10px; line-height: 24px; cursor: default; box-sizing: border-box; max-width: 100%; color: #000000; font-size: medium; font-variant-ligatures: normal; font-variant-caps: normal; letter-spacing: normal; orphans: 2; text-align: start; text-indent: 0px; text-transform: none; widows: 2; word-spacing: 0px; -webkit-text-stroke-width: 0px; white-space: normal; background-color: #ffffff; text-decoration-thickness: initial; text-decoration-style: initial; text-decoration-color: initial;\">\n<li style=\"font-weight: inherit; font-family: Roboto, sans-serif; font-style: inherit; border: 0px none; outline: 0px; padding: 0px; margin: 0px 0px 0px 20px; line-height: 24px; cursor: default; box-sizing: border-box; max-width: 100%;\">spole\u010denstv\u00edm vlastn\u00edk\u016f domu<\/li>\n<li style=\"font-weight: inherit; font-family: Roboto, sans-serif; font-style: inherit; border: 0px none; outline: 0px; padding: 0px; margin: 0px 0px 0px 20px; line-height: 24px; cursor: default; box-sizing: border-box; max-width: 100%;\">bytov\u00fdm dru\u017estv\u016fm<\/li>\n<li style=\"font-weight: inherit; font-family: Roboto, sans-serif; font-style: inherit; border: 0px none; outline: 0px; padding: 0px; margin: 0px 0px 0px 20px; line-height: 24px; cursor: default; box-sizing: border-box; max-width: 100%;\">pod\u00edlov\u00fdm vlastn\u00edk\u016fm<\/li>\n<li style=\"font-weight: inherit; font-family: Roboto, sans-serif; font-style: inherit; border: 0px none; outline: 0px; padding: 0px; margin: 0px 0px 0px 20px; line-height: 24px; cursor: default; box-sizing: border-box; max-width: 100%;\">majitel\u016fm obytn\u00fdch dom\u016f a nebytov\u00fdch prostor fyzick\u00e9 a pr\u00e1vnick\u00e9 osoby<\/li>\n<\/ul>\n<p>[\/et_pb_text][\/et_pb_column][et_pb_column type=&#8220;1_2&#8243; _builder_version=&#8220;4.27.4&#8243; _module_preset=&#8220;default&#8220; global_colors_info=&#8220;{}&#8220;][et_pb_image src=&#8220;https:\/\/www.tospra.cz\/wp-content\/uploads\/2025\/06\/2-550-413.png&#8220; title_text=&#8220;2-550-413&#8243; _builder_version=&#8220;4.27.4&#8243; _module_preset=&#8220;default&#8220; custom_padding=&#8220;|0px||||&#8220; global_colors_info=&#8220;{}&#8220;][\/et_pb_image][et_pb_image src=&#8220;https:\/\/www.tospra.cz\/wp-content\/uploads\/2025\/06\/3-550-605.png&#8220; title_text=&#8220;3-550-605&#8243; _builder_version=&#8220;4.27.4&#8243; _module_preset=&#8220;default&#8220; global_colors_info=&#8220;{}&#8220;][\/et_pb_image][\/et_pb_column][\/et_pb_row][\/et_pb_section]<\/p>\n","protected":false},"excerpt":{"rendered":"<p>SPR\u00c1VANEMOVITOST\u00cd+420 412 535 197+420 731 118 120decin@tospra.czEKONOMICK\u00c9 SLU\u017dBY PR\u00c1VN\u00cd SLU\u017dBY PROVOZN\u00cd SLU\u017dBY TOSPRA s.r.o. je spole\u010dnost, kter\u00e1 m\u00e1 siln\u00fd t\u00fdm zku\u0161en\u00fdch a \u0159\u00e1dn\u011b pro\u0161kolen\u00fdch pracovn\u00edk\u016f, kte\u0159\u00ed pln\u011b respektuj\u00ed po\u017eadavky sv\u00fdch klient\u016f a jsou kdykoliv p\u0159ipraveni v\u011bnovat jim sv\u016fj \u010das. Jsou tu v\u0161ak tak\u00e9 proto, aby klienty, vlastn\u00edky upozornili na chybn\u00e1 rozhodnut\u00ed a informovali je o [&hellip;]<\/p>\n","protected":false},"author":1,"featured_media":0,"parent":0,"menu_order":0,"comment_status":"closed","ping_status":"closed","template":"","meta":{"_et_pb_use_builder":"on","_et_pb_old_content":"","_et_gb_content_width":"","footnotes":""},"class_list":["post-33","page","type-page","status-publish","hentry"],"_links":{"self":[{"href":"https:\/\/www.tospra.cz\/index.php?rest_route=\/wp\/v2\/pages\/33","targetHints":{"allow":["GET"]}}],"collection":[{"href":"https:\/\/www.tospra.cz\/index.php?rest_route=\/wp\/v2\/pages"}],"about":[{"href":"https:\/\/www.tospra.cz\/index.php?rest_route=\/wp\/v2\/types\/page"}],"author":[{"embeddable":true,"href":"https:\/\/www.tospra.cz\/index.php?rest_route=\/wp\/v2\/users\/1"}],"replies":[{"embeddable":true,"href":"https:\/\/www.tospra.cz\/index.php?rest_route=%2Fwp%2Fv2%2Fcomments&post=33"}],"version-history":[{"count":25,"href":"https:\/\/www.tospra.cz\/index.php?rest_route=\/wp\/v2\/pages\/33\/revisions"}],"predecessor-version":[{"id":156,"href":"https:\/\/www.tospra.cz\/index.php?rest_route=\/wp\/v2\/pages\/33\/revisions\/156"}],"wp:attachment":[{"href":"https:\/\/www.tospra.cz\/index.php?rest_route=%2Fwp%2Fv2%2Fmedia&parent=33"}],"curies":[{"name":"wp","href":"https:\/\/api.w.org\/{rel}","templated":true}]}}